{"id":4115,"date":"2019-02-15T15:44:52","date_gmt":"2019-02-15T14:44:52","guid":{"rendered":"https:\/\/www.europeblock.com\/?page_id=4115"},"modified":"2024-01-18T10:19:36","modified_gmt":"2024-01-18T09:19:36","slug":"datenschutzerklaerung","status":"publish","type":"page","link":"https:\/\/www.europeblock.com\/de\/datenschutzerklaerung","title":{"rendered":"Datenschutzerkl\u00e4rung"},"content":{"rendered":"<p><strong>PERSONENBEZOGENE DATEN, DIE VERARBEITET WERDEN D\u00dcRFEN:<\/strong><br \/>\nWenn Sie die Dienstleistungen von A. Jansen B.V. in Anspruch nehmen, unsere Produkte kaufen, sich bei uns um eine Stelle bewerben, unsere Website nutzen und\/oder Kontakt mit uns aufnehmen, k\u00f6nnen wir Ihre personenbezogenen Daten verarbeiten.<\/p>\n<p>In dieser Datenschutzerkl\u00e4rung erl\u00e4utern wir, welche personenbezogenen Daten wir von Ihnen verarbeiten, warum wir Ihre personenbezogenen Daten verarbeiten und wie wir mit ihnen umgehen. Diese Datenschutzerkl\u00e4rung trifft zu f\u00fcr die nachfolgende Rechtsperson:<\/p>\n<p>EuropeMoulds B.V.<br \/>\nKanaaldijk Zuid 24,<br \/>\n5691NL Son en Breugel<br \/>\ndie Niederlande<\/p>\n<p>Wenn Sie Fragen, Anmerkungen oder Beschwerden bez\u00fcglich der Verwendung Ihrer personenbezogenen Daten haben, wenden Sie sich bitte \u00fcber die Kontaktdaten am Ende dieser Datenschutzerkl\u00e4rung an uns.<\/p>\n<h2>1. WELCHE PERS\u00d6NLICHEN DATEN BEN\u00d6TIGEN WIR UND WARUM UND WIE LANGE WERDEN SIE GESPEICHERT:<\/h2>\n<p><strong>Erf\u00fcllung der geschlossenen Vereinbarung<\/strong><br \/>\nWir k\u00f6nnen Ihre personenbezogenen Daten im Rahmen der Ausf\u00fchrung eines mit Ihnen geschlossenen Auftragsvertrags verwenden. Ohne diese personenbezogenen Daten ist es uns nicht m\u00f6glich, den Vertrag mit Ihnen zu erf\u00fcllen. Zu diesem Zweck verarbeiten wir die folgenden personenbezogenen Daten:<\/p>\n<ul>\n<li>Vor- und Nachname;<\/li>\n<li>Adressdaten (Adresse, Postleitzahl, Stadt, Land);<\/li>\n<li>Telefonnummer;<\/li>\n<li>E-Mail Adresse;<\/li>\n<li>Umsatzsteuer-Identifikationsnummer<\/li>\n<li>Zahlungsangaben, wie z. B. die Kontonummer;<\/li>\n<li>Unternehmensdaten<\/li>\n<li>Andere Daten, die Sie uns selbst zur Verf\u00fcgung stellen.<\/li>\n<\/ul>\n<p>Wir bewahren diese personenbezogenen Daten so lange auf, wie sie f\u00fcr die Erf\u00fcllung des Vertrages erforderlich sind. Danach bewahren wir die personenbezogenen Daten 7 Jahre lang auf, um der niederl\u00e4ndischen Steuergesetzgebung zu entsprechen.<\/p>\n<p><strong>Kontakt nach Kontaktanfrage<br \/>\n<\/strong>Wir verarbeiten Ihre personenbezogenen Daten, um Sie auf Wunsch telefonisch kontaktieren zu k\u00f6nnen und\/oder um Sie schriftlich (per E-Mail und\/oder per Post) zu kontaktieren, falls Sie telefonisch nicht erreichbar sind. Wir verarbeiten Ihre personenbezogenen Daten auf der Grundlage eines berechtigten Interesses. Dieses Interesse besteht darin, auf Ihre Kontaktanfrage reagieren zu k\u00f6nnen. Zu diesem Zweck verarbeiten wir die folgenden personenbezogenen Daten:<\/p>\n<ul>\n<li>Vor- und Nachname;<\/li>\n<li>Adressdaten (Adresse, Postleitzahl, Stadt, Land);<\/li>\n<li>Telefonnummer;<\/li>\n<li>E-Mail Adresse;<\/li>\n<li>Andere Daten, die Sie uns selbst zur Verf\u00fcgung stellen, z. B. in einem Formular auf der Website.<\/li>\n<\/ul>\n<p>Wir werden diese personenbezogenen Daten so lange aufbewahren, wie es f\u00fcr die Erf\u00fcllung Ihrer Anfrage erforderlich ist. Danach werden wir Ihre personenbezogenen Daten l\u00f6schen.<\/p>\n<p><strong>Newsletter<br \/>\n<\/strong>Wir versenden Newsletter, um unsere Kunden und andere Interessenten \u00fcber unser Angebot und neue Entwicklungen bei uns zu informieren. Die Verarbeitungsgrundlage ist unser berechtigtes Interesse, den Kontakt zu unseren Kunden und Interessenten aufrechtzuerhalten.<\/p>\n<p>Wenn Sie Kunde von uns sind, k\u00f6nnen wir Ihre Kontaktdaten f\u00fcr den Versand des Newsletters verwenden. Wenn Sie (noch) kein Kunde von uns sind, versenden wir den Newsletter nur, wenn Sie Ihre Einwilligung gegeben haben. Sie k\u00f6nnen unseren Newsletter jederzeit \u00fcber den Link unter jedem Newsletter abbestellen.<\/p>\n<p>F\u00fcr den Versand des Newsletters verarbeiten wir die folgenden personenbezogenen Daten:<\/p>\n<ul>\n<li>Vor- und Nachname;<\/li>\n<li>E-Mail Adresse.<\/li>\n<\/ul>\n<p>Wir speichern Ihre personenbezogenen Daten zu diesem Zweck bis zum Widerspruch oder zur Abmeldung.<\/p>\n<p><strong>Stellenbewerbung<br \/>\n<\/strong>Wenn Sie sich bei uns um eine Stelle bewerben, ben\u00f6tigen wir Ihre personenbezogenen Daten f\u00fcr das Bewerbungsverfahren. Wir erheben diese personenbezogenen Daten zun\u00e4chst auf der Grundlage eines berechtigten Interesses, n\u00e4mlich f\u00fcr das Bewerbungsverfahren. Wenn Ihnen ein Vertrag angeboten wird, verarbeiten wir diese personenbezogenen Daten f\u00fcr die Ausarbeitung und Ausf\u00fchrung des Arbeitsvertrags. Wenn wir das Arbeitsverh\u00e4ltnis abschlie\u00dfen, werden wir weitere personenbezogene Daten erfragen. Im Rahmen einer Bewerbung verarbeiten wir die folgenden personenbezogenen Daten:<\/p>\n<ul>\n<li>Vor- und Nachname;<\/li>\n<li>Telefonnummer;<\/li>\n<li>E-Mail Adresse;<\/li>\n<li>Motivationsschreiben;<\/li>\n<li>Lebenslauf und alle darin enthaltenen Daten;<\/li>\n<li>Sonstige personenbezogene Daten, die im Zusammenhang mit der Bewerbung angegeben wurden.<\/li>\n<\/ul>\n<p>Wir bewahren Ihre personenbezogenen Daten bis zu vier Wochen nach Abschluss des Bewerbungsverfahrens auf. Wenn Sie uns Ihr Einverst\u00e4ndnis gegeben haben, k\u00f6nnen wir Ihre personenbezogenen Daten bis zu einem Jahr aufbewahren. So k\u00f6nnen wir Sie kontaktieren, wenn wir zu einem sp\u00e4teren Zeitpunkt eine andere interessante Stelle f\u00fcr Sie haben.<\/p>\n<h2>2. COOKIES<\/h2>\n<p>Auf unseren Webseiten werden Cookies verwendet. Cookies sind kleine Textdateien die wir auf Ihrem Computer oder Browser platzieren wenn Sie unsere Website besuchen. Die Cookies k\u00f6nnen Daten \u00fcber Sie und \u00fcber Ihren Besuch unserer Website sammeln. Die folgenden Daten werden erfasst \u00fcber Cookies:<\/p>\n<ul>\n<li>IP- Adresse;<\/li>\n<li>Daten in Bezug auf das Ger\u00e4t;;<\/li>\n<li>Genutzte Internet-Browser;<\/li>\n<li>Uhrzeit des Besuchs;<\/li>\n<li>Eintr\u00e4ge \u00fcber Formulare, wie das Kontaktformular in Gravity Forms;<\/li>\n<li>Daten erfasst \u00fcber Google Analytics, bei dem wir die Daten gem\u00e4\u00df unseren Einstellungen anonymisieren.<\/li>\n<\/ul>\n<p>Im Folgenden erkl\u00e4ren wir, welche Cookies wir setzen und wof\u00fcr sie verwendet werden.<\/p>\n<p><strong>Funktionelle Cookies<br \/>\n<\/strong>Wir verwenden funktionale Cookies, die f\u00fcr das korrekte Funktionieren unserer Website notwendig sind. Ohne diese kann unsere Website nicht gut funktionieren. Wir werden diese Cookies immer verwenden und k\u00f6nnen sie immer platzieren ohne Ihre Zustimmung.<\/p>\n<p><strong>Soziale Medien<\/strong><\/p>\n<p>Unsere Seiten k\u00f6nnen Plugins von sozialen Netzwerken wie Facebook, Pinterest und YouTube enthalten. Wenn diese verwendet werden und Sie bei einem dieser Dienste eingeloggt sind, k\u00f6nnen diese Netzwerke Daten \u00fcber Ihr Surfverhalten erhalten.<\/p>\n<p>Wenn Sie unsere Seiten besuchen, k\u00f6nnen diese Social Media Plugins eine direkte Verbindung zwischen Ihrem Browser und den Servern der Social Media Plattform herstellen. Dadurch wird diesen Parteien mitgeteilt, dass Sie unsere Website mit Ihrer IP-Adresse besucht haben. Auf diese Weise kann z.B. Facebook Ihren Besuch auf unseren Seiten Ihrem Benutzerkonto zuordnen. Bitte beachten Sie, dass wir als Anbieter der Seiten keine Kenntnis vom Inhalt der \u00fcbermittelten Daten sowie deren Nutzung durch diese Unternehmen erhalten.<\/p>\n<p>Wenn Sie nicht m\u00f6chten, dass diese Unternehmen Ihren Besuch auf unseren Seiten mit Ihrem Social-Media-Konto verkn\u00fcpfen, loggen Sie sich bitte vor dem Besuch unserer Website aus den Social-Media-Kan\u00e4len aus.<\/p>\n<p><strong>Andere Erweiterungsmodulen und Webfonts<\/strong><\/p>\n<p>Unsere Website verwendet JavaScript-Code f\u00fcr das ordnungsgem\u00e4\u00dfe Funktionieren und die Anzeige unserer Website. Dieser kann auch von einer externen Partei wie z.B. Google Webfonts stammen. Wenn Sie JavaScript in Ihrem Browser aktivieren und keinen JavaScript-Blocker installiert haben, kann Ihr Browser personenbezogene Daten weiterleiten, wenn ein Code von einem unserer Lieferanten geladen wird. Wir wissen nicht, welche Daten mit den empfangenen Daten verkn\u00fcpft sind und f\u00fcr welche Zwecke sie verwendet werden. Sie k\u00f6nnen die Ausf\u00fchrung von JavaScript-Code verhindern, indem Sie einen JavaScript-Blocker installieren (z.B. <a href=\"http:\/\/www.noscript.net\" target=\"_blank\" rel=\"noopener\">www.noscript.net<\/a>).<\/p>\n<p><strong><u>Verwaltung dieser Cookie-Einstellungen<\/u><\/strong><\/p>\n<p>Sie k\u00f6nnen selbst die von uns platzierten Cookies entfernen. Die Vorgehensweise ist oft f\u00fcr jeden Browser unterschiedlich. Zus\u00e4tzlich k\u00f6nnen Sie Ihren Browser so einstellen, dass Cookies automatisch abgelehnt werden. Falls Sie Ihren Browser so einstellen, dass Cookies automatisch abgelehnt werden, weisen wir darauf hin, dass unsere Website m\u00f6glicherweise nicht so gut funktionieren k\u00f6nne und dass einige Funktionen m\u00f6glicherweise nicht verf\u00fcgbar seien.<\/p>\n<h2>3. MIT DRITTEN TEILEN.<\/h2>\n<p>Wir geben Ihre personenbezogenen Daten nur dann an Dritte weiter, wenn dies zur Erf\u00fcllung eines Vertrages mit Ihnen, zur Erf\u00fcllung einer gesetzlichen Verpflichtung oder eines Gerichtsbeschlusses, f\u00fcr ein Gerichtsverfahren oder zur Optimierung, Verbesserung und Sicherung des Betriebs unserer Website erforderlich ist. Auf diese Weise k\u00f6nnen wir Ihre personenbezogenen Daten an verbundenen Unternehmen weitergeben, die zu unserer Gruppe geh\u00f6ren. Auch k\u00f6nnen wir Ihre personenbezogenen Daten weitergeben an unsere Anwendungsanbieter, Lieferanten und Hosting-Provider. Wir gehen mit diesen Daten sorgf\u00e4ltig um, indem wir personenbezogene Daten so weit wie m\u00f6glich anonymisiert \u00fcbermitteln und eine Verarbeitungsvereinbarung mit Dritten abschlie\u00dfen, falls das n\u00f6tig w\u00e4re.<\/p>\n<p>Wir verarbeiten Ihre personenbezogenen Daten nur innerhalb der Europ\u00e4ischen Union.<\/p>\n<p>Personenbezogene Daten k\u00f6nnen auch an Dritte weitergegeben werden, wenn wir Tracking-Cookies verwenden. Diese werden nur f\u00fcr unsere eigenen Marketingzwecke verwendet und werden nicht an Dritte weitergegeben und\/oder verkauft. Oben finden Sie weitere Informationen dar\u00fcber, wie wir diese verwenden k\u00f6nnen und wie Sie dem zustimmen.<\/p>\n<h2>4. IHRE RECHTE<\/h2>\n<p>Sie haben das Recht auf Zugang, Berichtigung oder L\u00f6schung Ihrer personenbezogenen Daten. Sie haben auch das Recht, Ihre Daten an eine andere Partei zu \u00fcbermitteln, der Verarbeitung Ihrer personenbezogenen Daten zu widersprechen, die Verarbeitung Ihrer personenbezogenen Daten einzuschr\u00e4nken oder Ihre erteilte Einwilligung zu widerrufen. Sie k\u00f6nnen einen Antrag auf Aus\u00fcbung Ihrer Rechte per Post oder per E-Mail an uns richten, indem Sie die Kontaktdaten unten auf dieser Seite verwenden. Wir werden Ihre Anfrage so schnell wie m\u00f6glich, jedoch sp\u00e4testens innerhalb von vier Wochen, beantworten. Wir werden immer zuerst Ihre Identit\u00e4t \u00fcberpr\u00fcfen, damit wir sicher sein k\u00f6nnen, dass Sie die Person sind, auf die sich die personenbezogenen Daten beziehen.<\/p>\n<p>Sie haben auch das Recht, eine Beschwerde einzureichen, wenn Sie der Meinung sind, dass die Verarbeitung Ihrer personenbezogenen Daten durch uns unrechtm\u00e4\u00dfig ist. Zu diesem Zweck k\u00f6nnen Sie sich an uns wenden. Wir werden versuchen, Ihre Beschwerde nach bestem Wissen und Gewissen zu bearbeiten. Es steht Ihnen auch jederzeit frei, eine Beschwerde bei der Autoriteit Persoonsgegevens, der niederl\u00e4ndischen Datenschutzbeh\u00f6rde, einzureichen. Weitere Informationen finden Sie <a href=\"https:\/\/autoriteitpersoonsgegevens.nl\/een-tip-of-klacht-indienen-bij-de-ap\" target=\"_blank\" rel=\"noopener\">hier<\/a>.<\/p>\n<h2>5. SICHERHEIT<\/h2>\n<p>Wir nehmenden Schutz Ihrer Daten ernst und ergreifen geeignete Ma\u00dfnahmen, um Missbrauch, Verlust, unbefugten Zugriff, unerw\u00fcnschte Offenlegung und unbefugte \u00c4nderung zu verhindern. Die Webseite. verwendet ein zuverl\u00e4ssiges SSL-Zertifikat, um Ihre pers\u00f6nlichen Daten zu sch\u00fctzen.<\/p>\n<p>Wenn Sie den Eindruck haben, dass Ihre Daten nicht ordnungsgem\u00e4\u00df gesichert sind, wenn es Anzeichen f\u00fcr einen Missbrauch gibt oder wenn Sie weitere Informationen \u00fcber die Sicherheit der von uns erhobenen personenbezogenen Daten w\u00fcnschen, wenden Sie sich bitte an uns \u00fcber die Kontaktdaten am Ende dieser Datenschutzerkl\u00e4rung:<\/p>\n<h2>6. \u00c4NDERUNGEN<\/h2>\n<p>Wir k\u00f6nnen diese Datenschutzerkl\u00e4rung \u00e4ndern. Wir empfehlen Ihnen daher, diese Webseite regelm\u00e4\u00dfig zu besuchen.<\/p>\n<p>Stand: Januar 2024<\/p>\n<h2>7. KONTAKTDETAILS<\/h2>\n<p>Wenn Sie Fragen, Kommentare oder Beschwerden haben oder Ihre in Abschnitt 4 beschriebenen Rechte aus\u00fcben m\u00f6chten, k\u00f6nnen Sie uns unter folgenden Kontaktdaten kontaktieren:<\/p>\n<p>Adresse: Kanaaldijk Zuid 24, 5691NL Son en Breugel<br \/>\nT: <a href=\"tel:+31888778778\">+31 88 877 87 78<\/a><br \/>\nE: <a href=\"mailto:info@ajansenbv.com\">info@ajansenbv.com<\/a><\/p>\n","protected":false},"excerpt":{"rendered":"<p>PERSONENBEZOGENE DATEN, DIE VERARBEITET WERDEN D\u00dcRFEN: Wenn Sie die Dienstleistungen von A. Jansen B.V. in Anspruch nehmen, unsere Produkte kaufen, sich bei uns um eine Stelle bewerben, unsere Website nutzen und\/oder Kontakt mit uns aufnehmen, k\u00f6nnen wir Ihre personenbezogenen Daten verarbeiten. In dieser Datenschutzerkl\u00e4rung erl\u00e4utern wir, welche personenbezogenen Daten wir von Ihnen verarbeiten, warum wir [&hellip;]<\/p>\n","protected":false},"author":16,"featured_media":0,"parent":0,"menu_order":0,"comment_status":"closed","ping_status":"closed","template":"","meta":{"_acf_changed":false,"inline_featured_image":false,"footnotes":""},"class_list":["post-4115","page","type-page","status-publish","hentry"],"acf":[],"yoast_head":"<!-- This site is optimized with the Yoast SEO plugin v27.3 - https:\/\/yoast.com\/product\/yoast-seo-wordpress\/ -->\n<title>Datenschutzerkl\u00e4rung - Europeblock<\/title>\n<meta name=\"robots\" content=\"index, follow, max-snippet:-1, max-image-preview:large, max-video-preview:-1\" \/>\n<link rel=\"canonical\" href=\"https:\/\/www.europeblock.com\/de\/datenschutzerklaerung\" \/>\n<meta property=\"og:locale\" content=\"de_DE\" \/>\n<meta property=\"og:type\" content=\"article\" \/>\n<meta property=\"og:title\" content=\"Datenschutzerkl\u00e4rung - Europeblock\" \/>\n<meta property=\"og:description\" content=\"PERSONENBEZOGENE DATEN, DIE VERARBEITET WERDEN D\u00dcRFEN: Wenn Sie die Dienstleistungen von A. Jansen B.V. in Anspruch nehmen, unsere Produkte kaufen, sich bei uns um eine Stelle bewerben, unsere Website nutzen und\/oder Kontakt mit uns aufnehmen, k\u00f6nnen wir Ihre personenbezogenen Daten verarbeiten. In dieser Datenschutzerkl\u00e4rung erl\u00e4utern wir, welche personenbezogenen Daten wir von Ihnen verarbeiten, warum wir [&hellip;]\" \/>\n<meta property=\"og:url\" content=\"https:\/\/www.europeblock.com\/de\/datenschutzerklaerung\" \/>\n<meta property=\"og:site_name\" content=\"Europeblock\" \/>\n<meta property=\"article:modified_time\" content=\"2024-01-18T09:19:36+00:00\" \/>\n<meta name=\"twitter:card\" content=\"summary_large_image\" \/>\n<meta name=\"twitter:site\" content=\"@europeblock\" \/>\n<meta name=\"twitter:label1\" content=\"Gesch\u00e4tzte Lesezeit\" \/>\n\t<meta name=\"twitter:data1\" content=\"8\u00a0Minuten\" \/>\n<script type=\"application\/ld+json\" class=\"yoast-schema-graph\">{\"@context\":\"https:\\\/\\\/schema.org\",\"@graph\":[{\"@type\":\"WebPage\",\"@id\":\"https:\\\/\\\/www.europeblock.com\\\/de\\\/datenschutzerklaerung\",\"url\":\"https:\\\/\\\/www.europeblock.com\\\/de\\\/datenschutzerklaerung\",\"name\":\"Datenschutzerkl\u00e4rung - Europeblock\",\"isPartOf\":{\"@id\":\"https:\\\/\\\/www.europeblock.com\\\/#website\"},\"datePublished\":\"2019-02-15T14:44:52+00:00\",\"dateModified\":\"2024-01-18T09:19:36+00:00\",\"breadcrumb\":{\"@id\":\"https:\\\/\\\/www.europeblock.com\\\/de\\\/datenschutzerklaerung#breadcrumb\"},\"inLanguage\":\"de\",\"potentialAction\":[{\"@type\":\"ReadAction\",\"target\":[\"https:\\\/\\\/www.europeblock.com\\\/de\\\/datenschutzerklaerung\"]}]},{\"@type\":\"BreadcrumbList\",\"@id\":\"https:\\\/\\\/www.europeblock.com\\\/de\\\/datenschutzerklaerung#breadcrumb\",\"itemListElement\":[{\"@type\":\"ListItem\",\"position\":1,\"name\":\"Home\",\"item\":\"https:\\\/\\\/www.europeblock.com\\\/de\"},{\"@type\":\"ListItem\",\"position\":2,\"name\":\"Datenschutzerkl\u00e4rung\"}]},{\"@type\":\"WebSite\",\"@id\":\"https:\\\/\\\/www.europeblock.com\\\/#website\",\"url\":\"https:\\\/\\\/www.europeblock.com\\\/\",\"name\":\"Europeblock\",\"description\":\"Gie\u00dfformen betonbl\u00f6cken\",\"potentialAction\":[{\"@type\":\"SearchAction\",\"target\":{\"@type\":\"EntryPoint\",\"urlTemplate\":\"https:\\\/\\\/www.europeblock.com\\\/?s={search_term_string}\"},\"query-input\":{\"@type\":\"PropertyValueSpecification\",\"valueRequired\":true,\"valueName\":\"search_term_string\"}}],\"inLanguage\":\"de\"}]}<\/script>\n<!-- \/ Yoast SEO plugin. -->","yoast_head_json":{"title":"Datenschutzerkl\u00e4rung - Europeblock","robots":{"index":"index","follow":"follow","max-snippet":"max-snippet:-1","max-image-preview":"max-image-preview:large","max-video-preview":"max-video-preview:-1"},"canonical":"https:\/\/www.europeblock.com\/de\/datenschutzerklaerung","og_locale":"de_DE","og_type":"article","og_title":"Datenschutzerkl\u00e4rung - Europeblock","og_description":"PERSONENBEZOGENE DATEN, DIE VERARBEITET WERDEN D\u00dcRFEN: Wenn Sie die Dienstleistungen von A. Jansen B.V. in Anspruch nehmen, unsere Produkte kaufen, sich bei uns um eine Stelle bewerben, unsere Website nutzen und\/oder Kontakt mit uns aufnehmen, k\u00f6nnen wir Ihre personenbezogenen Daten verarbeiten. In dieser Datenschutzerkl\u00e4rung erl\u00e4utern wir, welche personenbezogenen Daten wir von Ihnen verarbeiten, warum wir [&hellip;]","og_url":"https:\/\/www.europeblock.com\/de\/datenschutzerklaerung","og_site_name":"Europeblock","article_modified_time":"2024-01-18T09:19:36+00:00","twitter_card":"summary_large_image","twitter_site":"@europeblock","twitter_misc":{"Gesch\u00e4tzte Lesezeit":"8\u00a0Minuten"},"schema":{"@context":"https:\/\/schema.org","@graph":[{"@type":"WebPage","@id":"https:\/\/www.europeblock.com\/de\/datenschutzerklaerung","url":"https:\/\/www.europeblock.com\/de\/datenschutzerklaerung","name":"Datenschutzerkl\u00e4rung - Europeblock","isPartOf":{"@id":"https:\/\/www.europeblock.com\/#website"},"datePublished":"2019-02-15T14:44:52+00:00","dateModified":"2024-01-18T09:19:36+00:00","breadcrumb":{"@id":"https:\/\/www.europeblock.com\/de\/datenschutzerklaerung#breadcrumb"},"inLanguage":"de","potentialAction":[{"@type":"ReadAction","target":["https:\/\/www.europeblock.com\/de\/datenschutzerklaerung"]}]},{"@type":"BreadcrumbList","@id":"https:\/\/www.europeblock.com\/de\/datenschutzerklaerung#breadcrumb","itemListElement":[{"@type":"ListItem","position":1,"name":"Home","item":"https:\/\/www.europeblock.com\/de"},{"@type":"ListItem","position":2,"name":"Datenschutzerkl\u00e4rung"}]},{"@type":"WebSite","@id":"https:\/\/www.europeblock.com\/#website","url":"https:\/\/www.europeblock.com\/","name":"Europeblock","description":"Gie\u00dfformen betonbl\u00f6cken","potentialAction":[{"@type":"SearchAction","target":{"@type":"EntryPoint","urlTemplate":"https:\/\/www.europeblock.com\/?s={search_term_string}"},"query-input":{"@type":"PropertyValueSpecification","valueRequired":true,"valueName":"search_term_string"}}],"inLanguage":"de"}]}},"_links":{"self":[{"href":"https:\/\/www.europeblock.com\/de\/wp-json\/wp\/v2\/pages\/4115","targetHints":{"allow":["GET"]}}],"collection":[{"href":"https:\/\/www.europeblock.com\/de\/wp-json\/wp\/v2\/pages"}],"about":[{"href":"https:\/\/www.europeblock.com\/de\/wp-json\/wp\/v2\/types\/page"}],"author":[{"embeddable":true,"href":"https:\/\/www.europeblock.com\/de\/wp-json\/wp\/v2\/users\/16"}],"replies":[{"embeddable":true,"href":"https:\/\/www.europeblock.com\/de\/wp-json\/wp\/v2\/comments?post=4115"}],"version-history":[{"count":0,"href":"https:\/\/www.europeblock.com\/de\/wp-json\/wp\/v2\/pages\/4115\/revisions"}],"wp:attachment":[{"href":"https:\/\/www.europeblock.com\/de\/wp-json\/wp\/v2\/media?parent=4115"}],"curies":[{"name":"wp","href":"https:\/\/api.w.org\/{rel}","templated":true}]}}