{"id":549,"date":"2016-06-23T10:06:36","date_gmt":"2016-06-23T08:06:36","guid":{"rendered":"http:\/\/europeblock.kwaaidevelop.nl\/de\/?page_id=549"},"modified":"2017-12-14T10:41:20","modified_gmt":"2017-12-14T09:41:20","slug":"anleitung-herstellungsverfahren","status":"publish","type":"page","link":"https:\/\/www.europeblock.com\/de\/anleitung-herstellungsverfahren","title":{"rendered":"Anleitung Herstellungsverfahren"},"content":{"rendered":"<p>In diesem Video erfahren Sie alles \u00fcber das Herstellungsverfahren. Schauen Sie sich Schritt f\u00fcr Schritt an, wie mit den Gie\u00dfformen von Europeblock Betonbl\u00f6cke hergestellt werden k\u00f6nnen. Bitte lesen Sie f\u00fcr optimale Ergebnisse zun\u00e4chst das unten aufgef\u00fchrte Verfahren genau durch.<\/p>\n","protected":false},"excerpt":{"rendered":"<p>In diesem Video erfahren Sie alles \u00fcber das Herstellungsverfahren. Schauen Sie sich Schritt f\u00fcr Schritt an, wie mit den Gie\u00dfformen von Europeblock Betonbl\u00f6cke hergestellt werden k\u00f6nnen. Bitte lesen Sie f\u00fcr optimale Ergebnisse zun\u00e4chst das unten aufgef\u00fchrte Verfahren genau durch.<\/p>\n","protected":false},"author":16,"featured_media":0,"parent":0,"menu_order":20,"comment_status":"closed","ping_status":"closed","template":"templates\/content.php","meta":{"_acf_changed":false,"inline_featured_image":false,"footnotes":""},"class_list":["post-549","page","type-page","status-publish","hentry"],"acf":[],"yoast_head":"<!-- This site is optimized with the Yoast SEO plugin v27.5 - https:\/\/yoast.com\/product\/yoast-seo-wordpress\/ -->\n<title>Wie benutzen Sie die Betongie\u00dfforme von Europeblock?<\/title>\n<meta name=\"description\" content=\"Anleitung: in diesem Video erfahren Sie alles \u00fcber das Herstellungsverfahren der Betonbl\u00f6cke mit der BetonGie\u00dfforme von Europeblock.\" \/>\n<meta name=\"robots\" content=\"index, follow, max-snippet:-1, max-image-preview:large, max-video-preview:-1\" \/>\n<link rel=\"canonical\" href=\"https:\/\/www.europeblock.com\/de\/anleitung-herstellungsverfahren\" \/>\n<meta property=\"og:locale\" content=\"de_DE\" \/>\n<meta property=\"og:type\" content=\"article\" \/>\n<meta property=\"og:title\" content=\"Wie benutzen Sie die Betongie\u00dfforme von Europeblock?\" \/>\n<meta property=\"og:description\" content=\"Anleitung: in diesem Video erfahren Sie alles \u00fcber das Herstellungsverfahren der Betonbl\u00f6cke mit der BetonGie\u00dfforme von Europeblock.\" \/>\n<meta property=\"og:url\" content=\"https:\/\/www.europeblock.com\/de\/anleitung-herstellungsverfahren\" \/>\n<meta property=\"og:site_name\" content=\"Europeblock\" \/>\n<meta property=\"article:modified_time\" content=\"2017-12-14T09:41:20+00:00\" \/>\n<meta name=\"twitter:card\" content=\"summary_large_image\" \/>\n<meta name=\"twitter:site\" content=\"@europeblock\" \/>\n<script type=\"application\/ld+json\" class=\"yoast-schema-graph\">{\"@context\":\"https:\\\/\\\/schema.org\",\"@graph\":[{\"@type\":\"WebPage\",\"@id\":\"https:\\\/\\\/www.europeblock.com\\\/de\\\/anleitung-herstellungsverfahren\",\"url\":\"https:\\\/\\\/www.europeblock.com\\\/de\\\/anleitung-herstellungsverfahren\",\"name\":\"Wie benutzen Sie die Betongie\u00dfforme von Europeblock?\",\"isPartOf\":{\"@id\":\"https:\\\/\\\/www.europeblock.com\\\/#website\"},\"datePublished\":\"2016-06-23T08:06:36+00:00\",\"dateModified\":\"2017-12-14T09:41:20+00:00\",\"description\":\"Anleitung: in diesem Video erfahren Sie alles \u00fcber das Herstellungsverfahren der Betonbl\u00f6cke mit der BetonGie\u00dfforme von Europeblock.\",\"breadcrumb\":{\"@id\":\"https:\\\/\\\/www.europeblock.com\\\/de\\\/anleitung-herstellungsverfahren#breadcrumb\"},\"inLanguage\":\"de\",\"potentialAction\":[{\"@type\":\"ReadAction\",\"target\":[\"https:\\\/\\\/www.europeblock.com\\\/de\\\/anleitung-herstellungsverfahren\"]}]},{\"@type\":\"BreadcrumbList\",\"@id\":\"https:\\\/\\\/www.europeblock.com\\\/de\\\/anleitung-herstellungsverfahren#breadcrumb\",\"itemListElement\":[{\"@type\":\"ListItem\",\"position\":1,\"name\":\"Home\",\"item\":\"https:\\\/\\\/www.europeblock.com\\\/de\"},{\"@type\":\"ListItem\",\"position\":2,\"name\":\"Anleitung Herstellungsverfahren\"}]},{\"@type\":\"WebSite\",\"@id\":\"https:\\\/\\\/www.europeblock.com\\\/#website\",\"url\":\"https:\\\/\\\/www.europeblock.com\\\/\",\"name\":\"Europeblock\",\"description\":\"Gie\u00dfformen betonbl\u00f6cken\",\"potentialAction\":[{\"@type\":\"SearchAction\",\"target\":{\"@type\":\"EntryPoint\",\"urlTemplate\":\"https:\\\/\\\/www.europeblock.com\\\/?s={search_term_string}\"},\"query-input\":{\"@type\":\"PropertyValueSpecification\",\"valueRequired\":true,\"valueName\":\"search_term_string\"}}],\"inLanguage\":\"de\"}]}<\/script>\n<!-- \/ Yoast SEO plugin. -->","yoast_head_json":{"title":"Wie benutzen Sie die Betongie\u00dfforme von Europeblock?","description":"Anleitung: in diesem Video erfahren Sie alles \u00fcber das Herstellungsverfahren der Betonbl\u00f6cke mit der BetonGie\u00dfforme von Europeblock.","robots":{"index":"index","follow":"follow","max-snippet":"max-snippet:-1","max-image-preview":"max-image-preview:large","max-video-preview":"max-video-preview:-1"},"canonical":"https:\/\/www.europeblock.com\/de\/anleitung-herstellungsverfahren","og_locale":"de_DE","og_type":"article","og_title":"Wie benutzen Sie die Betongie\u00dfforme von Europeblock?","og_description":"Anleitung: in diesem Video erfahren Sie alles \u00fcber das Herstellungsverfahren der Betonbl\u00f6cke mit der BetonGie\u00dfforme von Europeblock.","og_url":"https:\/\/www.europeblock.com\/de\/anleitung-herstellungsverfahren","og_site_name":"Europeblock","article_modified_time":"2017-12-14T09:41:20+00:00","twitter_card":"summary_large_image","twitter_site":"@europeblock","schema":{"@context":"https:\/\/schema.org","@graph":[{"@type":"WebPage","@id":"https:\/\/www.europeblock.com\/de\/anleitung-herstellungsverfahren","url":"https:\/\/www.europeblock.com\/de\/anleitung-herstellungsverfahren","name":"Wie benutzen Sie die Betongie\u00dfforme von Europeblock?","isPartOf":{"@id":"https:\/\/www.europeblock.com\/#website"},"datePublished":"2016-06-23T08:06:36+00:00","dateModified":"2017-12-14T09:41:20+00:00","description":"Anleitung: in diesem Video erfahren Sie alles \u00fcber das Herstellungsverfahren der Betonbl\u00f6cke mit der BetonGie\u00dfforme von Europeblock.","breadcrumb":{"@id":"https:\/\/www.europeblock.com\/de\/anleitung-herstellungsverfahren#breadcrumb"},"inLanguage":"de","potentialAction":[{"@type":"ReadAction","target":["https:\/\/www.europeblock.com\/de\/anleitung-herstellungsverfahren"]}]},{"@type":"BreadcrumbList","@id":"https:\/\/www.europeblock.com\/de\/anleitung-herstellungsverfahren#breadcrumb","itemListElement":[{"@type":"ListItem","position":1,"name":"Home","item":"https:\/\/www.europeblock.com\/de"},{"@type":"ListItem","position":2,"name":"Anleitung Herstellungsverfahren"}]},{"@type":"WebSite","@id":"https:\/\/www.europeblock.com\/#website","url":"https:\/\/www.europeblock.com\/","name":"Europeblock","description":"Gie\u00dfformen betonbl\u00f6cken","potentialAction":[{"@type":"SearchAction","target":{"@type":"EntryPoint","urlTemplate":"https:\/\/www.europeblock.com\/?s={search_term_string}"},"query-input":{"@type":"PropertyValueSpecification","valueRequired":true,"valueName":"search_term_string"}}],"inLanguage":"de"}]}},"_links":{"self":[{"href":"https:\/\/www.europeblock.com\/de\/wp-json\/wp\/v2\/pages\/549","targetHints":{"allow":["GET"]}}],"collection":[{"href":"https:\/\/www.europeblock.com\/de\/wp-json\/wp\/v2\/pages"}],"about":[{"href":"https:\/\/www.europeblock.com\/de\/wp-json\/wp\/v2\/types\/page"}],"author":[{"embeddable":true,"href":"https:\/\/www.europeblock.com\/de\/wp-json\/wp\/v2\/users\/16"}],"replies":[{"embeddable":true,"href":"https:\/\/www.europeblock.com\/de\/wp-json\/wp\/v2\/comments?post=549"}],"version-history":[{"count":0,"href":"https:\/\/www.europeblock.com\/de\/wp-json\/wp\/v2\/pages\/549\/revisions"}],"wp:attachment":[{"href":"https:\/\/www.europeblock.com\/de\/wp-json\/wp\/v2\/media?parent=549"}],"curies":[{"name":"wp","href":"https:\/\/api.w.org\/{rel}","templated":true}]}}