{"id":621,"date":"2016-06-27T09:43:58","date_gmt":"2016-06-27T07:43:58","guid":{"rendered":"http:\/\/europeblock.kwaaidevelop.nl\/fr\/?page_id=621"},"modified":"2022-03-25T16:04:36","modified_gmt":"2022-03-25T15:04:36","slug":"home","status":"publish","type":"page","link":"https:\/\/www.europeblock.com\/fr","title":{"rendered":"Home"},"content":{"rendered":"","protected":false},"excerpt":{"rendered":"","protected":false},"author":2,"featured_media":0,"parent":0,"menu_order":10,"comment_status":"closed","ping_status":"closed","template":"templates\/home.php","meta":{"_acf_changed":false,"inline_featured_image":false,"footnotes":""},"class_list":["post-621","page","type-page","status-publish","hentry"],"acf":[],"yoast_head":"<!-- This site is optimized with the Yoast SEO plugin v27.5 - https:\/\/yoast.com\/product\/yoast-seo-wordpress\/ -->\n<title>Moules de blocs en b\u00e9ton - Europeblock<\/title>\n<meta name=\"description\" content=\"Europeblock fournit des moules pour la production de blocs en b\u00e9ton empilables, pour la construction de murs de sout\u00e8nement et de compartiments de stockage.\" \/>\n<meta name=\"robots\" content=\"index, follow, max-snippet:-1, max-image-preview:large, max-video-preview:-1\" \/>\n<link rel=\"canonical\" href=\"https:\/\/www.europeblock.com\/fr\" \/>\n<meta property=\"og:locale\" content=\"fr_FR\" \/>\n<meta property=\"og:type\" content=\"article\" \/>\n<meta property=\"og:title\" content=\"Moules de blocs en b\u00e9ton - Europeblock\" \/>\n<meta property=\"og:description\" content=\"Europeblock fournit des moules pour la production de blocs en b\u00e9ton empilables, pour la construction de murs de sout\u00e8nement et de compartiments de stockage.\" \/>\n<meta property=\"og:url\" content=\"https:\/\/www.europeblock.com\/fr\" \/>\n<meta property=\"og:site_name\" content=\"Europeblock\" \/>\n<meta property=\"article:modified_time\" content=\"2022-03-25T15:04:36+00:00\" \/>\n<meta name=\"twitter:card\" content=\"summary_large_image\" \/>\n<meta name=\"twitter:site\" content=\"@europeblock\" \/>\n<script type=\"application\/ld+json\" class=\"yoast-schema-graph\">{\"@context\":\"https:\\\/\\\/schema.org\",\"@graph\":[{\"@type\":\"WebPage\",\"@id\":\"https:\\\/\\\/www.europeblock.com\\\/fr\",\"url\":\"https:\\\/\\\/www.europeblock.com\\\/fr\",\"name\":\"Moules de blocs en b\u00e9ton - Europeblock\",\"isPartOf\":{\"@id\":\"https:\\\/\\\/www.europeblock.com\\\/#website\"},\"datePublished\":\"2016-06-27T07:43:58+00:00\",\"dateModified\":\"2022-03-25T15:04:36+00:00\",\"description\":\"Europeblock fournit des moules pour la production de blocs en b\u00e9ton empilables, pour la construction de murs de sout\u00e8nement et de compartiments de stockage.\",\"breadcrumb\":{\"@id\":\"https:\\\/\\\/www.europeblock.com\\\/fr#breadcrumb\"},\"inLanguage\":\"fr-FR\",\"potentialAction\":[{\"@type\":\"ReadAction\",\"target\":[\"https:\\\/\\\/www.europeblock.com\\\/fr\"]}]},{\"@type\":\"BreadcrumbList\",\"@id\":\"https:\\\/\\\/www.europeblock.com\\\/fr#breadcrumb\",\"itemListElement\":[{\"@type\":\"ListItem\",\"position\":1,\"name\":\"Home\",\"item\":\"https:\\\/\\\/www.europeblock.com\\\/fr\"},{\"@type\":\"ListItem\",\"position\":2,\"name\":\"Home\"}]},{\"@type\":\"WebSite\",\"@id\":\"https:\\\/\\\/www.europeblock.com\\\/#website\",\"url\":\"https:\\\/\\\/www.europeblock.com\\\/\",\"name\":\"Europeblock\",\"description\":\"Les moules \u00e0 blocs en b\u00e9ton\",\"potentialAction\":[{\"@type\":\"SearchAction\",\"target\":{\"@type\":\"EntryPoint\",\"urlTemplate\":\"https:\\\/\\\/www.europeblock.com\\\/?s={search_term_string}\"},\"query-input\":{\"@type\":\"PropertyValueSpecification\",\"valueRequired\":true,\"valueName\":\"search_term_string\"}}],\"inLanguage\":\"fr-FR\"}]}<\/script>\n<!-- \/ Yoast SEO plugin. -->","yoast_head_json":{"title":"Moules de blocs en b\u00e9ton - Europeblock","description":"Europeblock fournit des moules pour la production de blocs en b\u00e9ton empilables, pour la construction de murs de sout\u00e8nement et de compartiments de stockage.","robots":{"index":"index","follow":"follow","max-snippet":"max-snippet:-1","max-image-preview":"max-image-preview:large","max-video-preview":"max-video-preview:-1"},"canonical":"https:\/\/www.europeblock.com\/fr","og_locale":"fr_FR","og_type":"article","og_title":"Moules de blocs en b\u00e9ton - Europeblock","og_description":"Europeblock fournit des moules pour la production de blocs en b\u00e9ton empilables, pour la construction de murs de sout\u00e8nement et de compartiments de stockage.","og_url":"https:\/\/www.europeblock.com\/fr","og_site_name":"Europeblock","article_modified_time":"2022-03-25T15:04:36+00:00","twitter_card":"summary_large_image","twitter_site":"@europeblock","schema":{"@context":"https:\/\/schema.org","@graph":[{"@type":"WebPage","@id":"https:\/\/www.europeblock.com\/fr","url":"https:\/\/www.europeblock.com\/fr","name":"Moules de blocs en b\u00e9ton - Europeblock","isPartOf":{"@id":"https:\/\/www.europeblock.com\/#website"},"datePublished":"2016-06-27T07:43:58+00:00","dateModified":"2022-03-25T15:04:36+00:00","description":"Europeblock fournit des moules pour la production de blocs en b\u00e9ton empilables, pour la construction de murs de sout\u00e8nement et de compartiments de stockage.","breadcrumb":{"@id":"https:\/\/www.europeblock.com\/fr#breadcrumb"},"inLanguage":"fr-FR","potentialAction":[{"@type":"ReadAction","target":["https:\/\/www.europeblock.com\/fr"]}]},{"@type":"BreadcrumbList","@id":"https:\/\/www.europeblock.com\/fr#breadcrumb","itemListElement":[{"@type":"ListItem","position":1,"name":"Home","item":"https:\/\/www.europeblock.com\/fr"},{"@type":"ListItem","position":2,"name":"Home"}]},{"@type":"WebSite","@id":"https:\/\/www.europeblock.com\/#website","url":"https:\/\/www.europeblock.com\/","name":"Europeblock","description":"Les moules \u00e0 blocs en b\u00e9ton","potentialAction":[{"@type":"SearchAction","target":{"@type":"EntryPoint","urlTemplate":"https:\/\/www.europeblock.com\/?s={search_term_string}"},"query-input":{"@type":"PropertyValueSpecification","valueRequired":true,"valueName":"search_term_string"}}],"inLanguage":"fr-FR"}]}},"_links":{"self":[{"href":"https:\/\/www.europeblock.com\/fr\/wp-json\/wp\/v2\/pages\/621","targetHints":{"allow":["GET"]}}],"collection":[{"href":"https:\/\/www.europeblock.com\/fr\/wp-json\/wp\/v2\/pages"}],"about":[{"href":"https:\/\/www.europeblock.com\/fr\/wp-json\/wp\/v2\/types\/page"}],"author":[{"embeddable":true,"href":"https:\/\/www.europeblock.com\/fr\/wp-json\/wp\/v2\/users\/2"}],"replies":[{"embeddable":true,"href":"https:\/\/www.europeblock.com\/fr\/wp-json\/wp\/v2\/comments?post=621"}],"version-history":[{"count":0,"href":"https:\/\/www.europeblock.com\/fr\/wp-json\/wp\/v2\/pages\/621\/revisions"}],"wp:attachment":[{"href":"https:\/\/www.europeblock.com\/fr\/wp-json\/wp\/v2\/media?parent=621"}],"curies":[{"name":"wp","href":"https:\/\/api.w.org\/{rel}","templated":true}]}}