{"id":668,"date":"2016-06-28T10:10:06","date_gmt":"2016-06-28T08:10:06","guid":{"rendered":"http:\/\/europeblock.kwaaidevelop.nl\/fr\/?page_id=668"},"modified":"2019-11-18T13:02:30","modified_gmt":"2019-11-18T12:02:30","slug":"demander_une_offre","status":"publish","type":"page","link":"https:\/\/www.europeblock.com\/fr\/demander_une_offre","title":{"rendered":"Demander une offre"},"content":{"rendered":"","protected":false},"excerpt":{"rendered":"","protected":false},"author":2,"featured_media":0,"parent":0,"menu_order":11,"comment_status":"closed","ping_status":"closed","template":"templates\/quotation.php","meta":{"_acf_changed":false,"inline_featured_image":false,"footnotes":""},"class_list":["post-668","page","type-page","status-publish","hentry"],"acf":[],"yoast_head":"<!-- This site is optimized with the Yoast SEO plugin v27.3 - https:\/\/yoast.com\/product\/yoast-seo-wordpress\/ -->\n<title>Demandez une offre pour moules de blocs en b\u00e9ton - Europeblock<\/title>\n<meta name=\"description\" content=\"Commencez votre propre production de blocs en b\u00e9ton et demandez une offre sans engagement pour des moules de blocs en b\u00e9ton d&#039;Europeblock.\" \/>\n<meta name=\"robots\" content=\"index, follow, max-snippet:-1, max-image-preview:large, max-video-preview:-1\" \/>\n<link rel=\"canonical\" href=\"https:\/\/www.europeblock.com\/fr\/demander_une_offre\" \/>\n<meta property=\"og:locale\" content=\"fr_FR\" \/>\n<meta property=\"og:type\" content=\"article\" \/>\n<meta property=\"og:title\" content=\"Demandez une offre pour moules de blocs en b\u00e9ton - Europeblock\" \/>\n<meta property=\"og:description\" content=\"Commencez votre propre production de blocs en b\u00e9ton et demandez une offre sans engagement pour des moules de blocs en b\u00e9ton d&#039;Europeblock.\" \/>\n<meta property=\"og:url\" content=\"https:\/\/www.europeblock.com\/fr\/demander_une_offre\" \/>\n<meta property=\"og:site_name\" content=\"Europeblock\" \/>\n<meta property=\"article:modified_time\" content=\"2019-11-18T12:02:30+00:00\" \/>\n<meta name=\"twitter:card\" content=\"summary_large_image\" \/>\n<meta name=\"twitter:site\" content=\"@europeblock\" \/>\n<script type=\"application\/ld+json\" class=\"yoast-schema-graph\">{\"@context\":\"https:\\\/\\\/schema.org\",\"@graph\":[{\"@type\":\"WebPage\",\"@id\":\"https:\\\/\\\/www.europeblock.com\\\/fr\\\/demander_une_offre\",\"url\":\"https:\\\/\\\/www.europeblock.com\\\/fr\\\/demander_une_offre\",\"name\":\"Demandez une offre pour moules de blocs en b\u00e9ton - Europeblock\",\"isPartOf\":{\"@id\":\"https:\\\/\\\/www.europeblock.com\\\/#website\"},\"datePublished\":\"2016-06-28T08:10:06+00:00\",\"dateModified\":\"2019-11-18T12:02:30+00:00\",\"description\":\"Commencez votre propre production de blocs en b\u00e9ton et demandez une offre sans engagement pour des moules de blocs en b\u00e9ton d'Europeblock.\",\"breadcrumb\":{\"@id\":\"https:\\\/\\\/www.europeblock.com\\\/fr\\\/demander_une_offre#breadcrumb\"},\"inLanguage\":\"fr-FR\",\"potentialAction\":[{\"@type\":\"ReadAction\",\"target\":[\"https:\\\/\\\/www.europeblock.com\\\/fr\\\/demander_une_offre\"]}]},{\"@type\":\"BreadcrumbList\",\"@id\":\"https:\\\/\\\/www.europeblock.com\\\/fr\\\/demander_une_offre#breadcrumb\",\"itemListElement\":[{\"@type\":\"ListItem\",\"position\":1,\"name\":\"Home\",\"item\":\"https:\\\/\\\/www.europeblock.com\\\/fr\"},{\"@type\":\"ListItem\",\"position\":2,\"name\":\"Demander une offre\"}]},{\"@type\":\"WebSite\",\"@id\":\"https:\\\/\\\/www.europeblock.com\\\/#website\",\"url\":\"https:\\\/\\\/www.europeblock.com\\\/\",\"name\":\"Europeblock\",\"description\":\"Les moules \u00e0 blocs en b\u00e9ton\",\"potentialAction\":[{\"@type\":\"SearchAction\",\"target\":{\"@type\":\"EntryPoint\",\"urlTemplate\":\"https:\\\/\\\/www.europeblock.com\\\/?s={search_term_string}\"},\"query-input\":{\"@type\":\"PropertyValueSpecification\",\"valueRequired\":true,\"valueName\":\"search_term_string\"}}],\"inLanguage\":\"fr-FR\"}]}<\/script>\n<!-- \/ Yoast SEO plugin. -->","yoast_head_json":{"title":"Demandez une offre pour moules de blocs en b\u00e9ton - Europeblock","description":"Commencez votre propre production de blocs en b\u00e9ton et demandez une offre sans engagement pour des moules de blocs en b\u00e9ton d'Europeblock.","robots":{"index":"index","follow":"follow","max-snippet":"max-snippet:-1","max-image-preview":"max-image-preview:large","max-video-preview":"max-video-preview:-1"},"canonical":"https:\/\/www.europeblock.com\/fr\/demander_une_offre","og_locale":"fr_FR","og_type":"article","og_title":"Demandez une offre pour moules de blocs en b\u00e9ton - Europeblock","og_description":"Commencez votre propre production de blocs en b\u00e9ton et demandez une offre sans engagement pour des moules de blocs en b\u00e9ton d'Europeblock.","og_url":"https:\/\/www.europeblock.com\/fr\/demander_une_offre","og_site_name":"Europeblock","article_modified_time":"2019-11-18T12:02:30+00:00","twitter_card":"summary_large_image","twitter_site":"@europeblock","schema":{"@context":"https:\/\/schema.org","@graph":[{"@type":"WebPage","@id":"https:\/\/www.europeblock.com\/fr\/demander_une_offre","url":"https:\/\/www.europeblock.com\/fr\/demander_une_offre","name":"Demandez une offre pour moules de blocs en b\u00e9ton - Europeblock","isPartOf":{"@id":"https:\/\/www.europeblock.com\/#website"},"datePublished":"2016-06-28T08:10:06+00:00","dateModified":"2019-11-18T12:02:30+00:00","description":"Commencez votre propre production de blocs en b\u00e9ton et demandez une offre sans engagement pour des moules de blocs en b\u00e9ton d'Europeblock.","breadcrumb":{"@id":"https:\/\/www.europeblock.com\/fr\/demander_une_offre#breadcrumb"},"inLanguage":"fr-FR","potentialAction":[{"@type":"ReadAction","target":["https:\/\/www.europeblock.com\/fr\/demander_une_offre"]}]},{"@type":"BreadcrumbList","@id":"https:\/\/www.europeblock.com\/fr\/demander_une_offre#breadcrumb","itemListElement":[{"@type":"ListItem","position":1,"name":"Home","item":"https:\/\/www.europeblock.com\/fr"},{"@type":"ListItem","position":2,"name":"Demander une offre"}]},{"@type":"WebSite","@id":"https:\/\/www.europeblock.com\/#website","url":"https:\/\/www.europeblock.com\/","name":"Europeblock","description":"Les moules \u00e0 blocs en b\u00e9ton","potentialAction":[{"@type":"SearchAction","target":{"@type":"EntryPoint","urlTemplate":"https:\/\/www.europeblock.com\/?s={search_term_string}"},"query-input":{"@type":"PropertyValueSpecification","valueRequired":true,"valueName":"search_term_string"}}],"inLanguage":"fr-FR"}]}},"_links":{"self":[{"href":"https:\/\/www.europeblock.com\/fr\/wp-json\/wp\/v2\/pages\/668","targetHints":{"allow":["GET"]}}],"collection":[{"href":"https:\/\/www.europeblock.com\/fr\/wp-json\/wp\/v2\/pages"}],"about":[{"href":"https:\/\/www.europeblock.com\/fr\/wp-json\/wp\/v2\/types\/page"}],"author":[{"embeddable":true,"href":"https:\/\/www.europeblock.com\/fr\/wp-json\/wp\/v2\/users\/2"}],"replies":[{"embeddable":true,"href":"https:\/\/www.europeblock.com\/fr\/wp-json\/wp\/v2\/comments?post=668"}],"version-history":[{"count":0,"href":"https:\/\/www.europeblock.com\/fr\/wp-json\/wp\/v2\/pages\/668\/revisions"}],"wp:attachment":[{"href":"https:\/\/www.europeblock.com\/fr\/wp-json\/wp\/v2\/media?parent=668"}],"curies":[{"name":"wp","href":"https:\/\/api.w.org\/{rel}","templated":true}]}}