{"id":684,"date":"2016-06-29T09:48:33","date_gmt":"2016-06-29T07:48:33","guid":{"rendered":"http:\/\/europeblock.kwaaidevelop.nl\/fr\/?page_id=684"},"modified":"2017-12-14T10:41:36","modified_gmt":"2017-12-14T09:41:36","slug":"instructions-sur-le-procede-production","status":"publish","type":"page","link":"https:\/\/www.europeblock.com\/fr\/instructions-sur-le-procede-production","title":{"rendered":"Instructions sur le proc\u00e9d\u00e9 de production"},"content":{"rendered":"","protected":false},"excerpt":{"rendered":"","protected":false},"author":2,"featured_media":0,"parent":0,"menu_order":20,"comment_status":"closed","ping_status":"closed","template":"templates\/content.php","meta":{"_acf_changed":false,"inline_featured_image":false,"footnotes":""},"class_list":["post-684","page","type-page","status-publish","hentry"],"acf":[],"yoast_head":"<!-- This site is optimized with the Yoast SEO plugin v27.5 - https:\/\/yoast.com\/product\/yoast-seo-wordpress\/ -->\n<title>Comment utiliser les moules de blocs en b\u00e9ton Europeblock?<\/title>\n<meta name=\"description\" content=\"Dans cette vid\u00e9o, vous d\u00e9couvrirez, pas \u00e0 pas, le proc\u00e9d\u00e9 de production des blocs en b\u00e9ton \u00e0 l&#039;aide des moules Europeblock.\" \/>\n<meta name=\"robots\" content=\"index, follow, max-snippet:-1, max-image-preview:large, max-video-preview:-1\" \/>\n<link rel=\"canonical\" href=\"https:\/\/www.europeblock.com\/fr\/instructions-sur-le-procede-production\" \/>\n<meta property=\"og:locale\" content=\"fr_FR\" \/>\n<meta property=\"og:type\" content=\"article\" \/>\n<meta property=\"og:title\" content=\"Comment utiliser les moules de blocs en b\u00e9ton Europeblock?\" \/>\n<meta property=\"og:description\" content=\"Dans cette vid\u00e9o, vous d\u00e9couvrirez, pas \u00e0 pas, le proc\u00e9d\u00e9 de production des blocs en b\u00e9ton \u00e0 l&#039;aide des moules Europeblock.\" \/>\n<meta property=\"og:url\" content=\"https:\/\/www.europeblock.com\/fr\/instructions-sur-le-procede-production\" \/>\n<meta property=\"og:site_name\" content=\"Europeblock\" \/>\n<meta property=\"article:modified_time\" content=\"2017-12-14T09:41:36+00:00\" \/>\n<meta name=\"twitter:card\" content=\"summary_large_image\" \/>\n<meta name=\"twitter:site\" content=\"@europeblock\" \/>\n<script type=\"application\/ld+json\" class=\"yoast-schema-graph\">{\"@context\":\"https:\\\/\\\/schema.org\",\"@graph\":[{\"@type\":\"WebPage\",\"@id\":\"https:\\\/\\\/www.europeblock.com\\\/fr\\\/instructions-sur-le-procede-production\",\"url\":\"https:\\\/\\\/www.europeblock.com\\\/fr\\\/instructions-sur-le-procede-production\",\"name\":\"Comment utiliser les moules de blocs en b\u00e9ton Europeblock?\",\"isPartOf\":{\"@id\":\"https:\\\/\\\/www.europeblock.com\\\/#website\"},\"datePublished\":\"2016-06-29T07:48:33+00:00\",\"dateModified\":\"2017-12-14T09:41:36+00:00\",\"description\":\"Dans cette vid\u00e9o, vous d\u00e9couvrirez, pas \u00e0 pas, le proc\u00e9d\u00e9 de production des blocs en b\u00e9ton \u00e0 l'aide des moules Europeblock.\",\"breadcrumb\":{\"@id\":\"https:\\\/\\\/www.europeblock.com\\\/fr\\\/instructions-sur-le-procede-production#breadcrumb\"},\"inLanguage\":\"fr-FR\",\"potentialAction\":[{\"@type\":\"ReadAction\",\"target\":[\"https:\\\/\\\/www.europeblock.com\\\/fr\\\/instructions-sur-le-procede-production\"]}]},{\"@type\":\"BreadcrumbList\",\"@id\":\"https:\\\/\\\/www.europeblock.com\\\/fr\\\/instructions-sur-le-procede-production#breadcrumb\",\"itemListElement\":[{\"@type\":\"ListItem\",\"position\":1,\"name\":\"Home\",\"item\":\"https:\\\/\\\/www.europeblock.com\\\/fr\"},{\"@type\":\"ListItem\",\"position\":2,\"name\":\"Instructions sur le proc\u00e9d\u00e9 de production\"}]},{\"@type\":\"WebSite\",\"@id\":\"https:\\\/\\\/www.europeblock.com\\\/#website\",\"url\":\"https:\\\/\\\/www.europeblock.com\\\/\",\"name\":\"Europeblock\",\"description\":\"Les moules \u00e0 blocs en b\u00e9ton\",\"potentialAction\":[{\"@type\":\"SearchAction\",\"target\":{\"@type\":\"EntryPoint\",\"urlTemplate\":\"https:\\\/\\\/www.europeblock.com\\\/?s={search_term_string}\"},\"query-input\":{\"@type\":\"PropertyValueSpecification\",\"valueRequired\":true,\"valueName\":\"search_term_string\"}}],\"inLanguage\":\"fr-FR\"}]}<\/script>\n<!-- \/ Yoast SEO plugin. -->","yoast_head_json":{"title":"Comment utiliser les moules de blocs en b\u00e9ton Europeblock?","description":"Dans cette vid\u00e9o, vous d\u00e9couvrirez, pas \u00e0 pas, le proc\u00e9d\u00e9 de production des blocs en b\u00e9ton \u00e0 l'aide des moules Europeblock.","robots":{"index":"index","follow":"follow","max-snippet":"max-snippet:-1","max-image-preview":"max-image-preview:large","max-video-preview":"max-video-preview:-1"},"canonical":"https:\/\/www.europeblock.com\/fr\/instructions-sur-le-procede-production","og_locale":"fr_FR","og_type":"article","og_title":"Comment utiliser les moules de blocs en b\u00e9ton Europeblock?","og_description":"Dans cette vid\u00e9o, vous d\u00e9couvrirez, pas \u00e0 pas, le proc\u00e9d\u00e9 de production des blocs en b\u00e9ton \u00e0 l'aide des moules Europeblock.","og_url":"https:\/\/www.europeblock.com\/fr\/instructions-sur-le-procede-production","og_site_name":"Europeblock","article_modified_time":"2017-12-14T09:41:36+00:00","twitter_card":"summary_large_image","twitter_site":"@europeblock","schema":{"@context":"https:\/\/schema.org","@graph":[{"@type":"WebPage","@id":"https:\/\/www.europeblock.com\/fr\/instructions-sur-le-procede-production","url":"https:\/\/www.europeblock.com\/fr\/instructions-sur-le-procede-production","name":"Comment utiliser les moules de blocs en b\u00e9ton Europeblock?","isPartOf":{"@id":"https:\/\/www.europeblock.com\/#website"},"datePublished":"2016-06-29T07:48:33+00:00","dateModified":"2017-12-14T09:41:36+00:00","description":"Dans cette vid\u00e9o, vous d\u00e9couvrirez, pas \u00e0 pas, le proc\u00e9d\u00e9 de production des blocs en b\u00e9ton \u00e0 l'aide des moules Europeblock.","breadcrumb":{"@id":"https:\/\/www.europeblock.com\/fr\/instructions-sur-le-procede-production#breadcrumb"},"inLanguage":"fr-FR","potentialAction":[{"@type":"ReadAction","target":["https:\/\/www.europeblock.com\/fr\/instructions-sur-le-procede-production"]}]},{"@type":"BreadcrumbList","@id":"https:\/\/www.europeblock.com\/fr\/instructions-sur-le-procede-production#breadcrumb","itemListElement":[{"@type":"ListItem","position":1,"name":"Home","item":"https:\/\/www.europeblock.com\/fr"},{"@type":"ListItem","position":2,"name":"Instructions sur le proc\u00e9d\u00e9 de production"}]},{"@type":"WebSite","@id":"https:\/\/www.europeblock.com\/#website","url":"https:\/\/www.europeblock.com\/","name":"Europeblock","description":"Les moules \u00e0 blocs en b\u00e9ton","potentialAction":[{"@type":"SearchAction","target":{"@type":"EntryPoint","urlTemplate":"https:\/\/www.europeblock.com\/?s={search_term_string}"},"query-input":{"@type":"PropertyValueSpecification","valueRequired":true,"valueName":"search_term_string"}}],"inLanguage":"fr-FR"}]}},"_links":{"self":[{"href":"https:\/\/www.europeblock.com\/fr\/wp-json\/wp\/v2\/pages\/684","targetHints":{"allow":["GET"]}}],"collection":[{"href":"https:\/\/www.europeblock.com\/fr\/wp-json\/wp\/v2\/pages"}],"about":[{"href":"https:\/\/www.europeblock.com\/fr\/wp-json\/wp\/v2\/types\/page"}],"author":[{"embeddable":true,"href":"https:\/\/www.europeblock.com\/fr\/wp-json\/wp\/v2\/users\/2"}],"replies":[{"embeddable":true,"href":"https:\/\/www.europeblock.com\/fr\/wp-json\/wp\/v2\/comments?post=684"}],"version-history":[{"count":0,"href":"https:\/\/www.europeblock.com\/fr\/wp-json\/wp\/v2\/pages\/684\/revisions"}],"wp:attachment":[{"href":"https:\/\/www.europeblock.com\/fr\/wp-json\/wp\/v2\/media?parent=684"}],"curies":[{"name":"wp","href":"https:\/\/api.w.org\/{rel}","templated":true}]}}